{"id":168,"date":"2021-04-10T09:00:17","date_gmt":"2021-04-10T09:00:17","guid":{"rendered":"http:\/\/paper.cyrkl.com\/?page_id=168"},"modified":"2021-04-10T09:01:02","modified_gmt":"2021-04-10T09:01:02","slug":"terms-and-conditions","status":"publish","type":"page","link":"https:\/\/paper.cyrkl.com\/index.php\/terms-and-conditions\/","title":{"rendered":"Ebook Terms Page"},"content":{"rendered":"<p>[vc_row el_id=&#8220;topics&#8220;][vc_column css=&#8220;.vc_custom_1617803246048{margin-top: 100px !important;}&#8220;]\n\n\n    <h2 id=\"heading_69ecd277d3b3d\" class=\"li-heading  left fw-bold\" style=\"color: #10a14c;\" >\n        Podm\u00ednky slu\u017eby            <\/h2>\n\n\n\n    [\/vc_column][\/vc_row][vc_row][vc_column]\n        <div id=\"textblock_69ecd277d3b75\" class=\"li-textblock\" >\n        <ol>\n<li>Obsahem str\u00e1nek Cyrkl.cz jsou informace ur\u010den\u00e9 pro \u0161irokou ve\u0159ejnost, nen\u00ed-li uvedeno jinak. Obsahem str\u00e1nek (a mobiln\u00ed aplikace a profil\u016f na soci\u00e1ln\u00edch s\u00edt\u00edch) Cyrkl.cz jsou zejm\u00e9na informace vedouc\u00ed k obchodn\u00edmu jedn\u00e1n\u00ed, d\u00e1le odborn\u00e9 \u010dl\u00e1nky, informace o odborn\u00fdch akc\u00edch a odkazy na jin\u00e9 odborn\u00e9 str\u00e1nky \u010di organizace a d\u00e1le Online odpadov\u00fd r\u00e1dce. Provozovatelem projektu cyrkl.cz je spole\u010dnost Cyrkl, Zdrojov\u00e1 platforma I\u010cO 07565305, s\u00eddlem Praha 1, Korunn\u00ed 2569\/108, Vinohrady (Praha 10), 101 00 Praha. Spole\u010dnost je zaps\u00e1na v obchodn\u00edm rejst\u0159\u00edku M\u011bstsk\u00e9ho soudu v Praze, sp. zn. C.\u00a0303212.<\/li>\n<li>Projekt je chr\u00e1n\u011bn zejm\u00e9na ustanoven\u00edmi z\u00e1kona \u010d. 121\/2000 Sb. o pr\u00e1vu autorsk\u00e9m. Autorsk\u00e1 pr\u00e1va k informac\u00edm a \u010dl\u00e1nk\u016fm n\u00e1le\u017eej\u00ed jejich autor\u016fm \u010di vykonavatel\u016fm takov\u00fdchto autorsk\u00fdch pr\u00e1v a provozovateli Projektu.<\/li>\n<li>Reklamn\u00ed informace (obchodn\u00ed sd\u011blen\u00ed) jsou viditeln\u011b odli\u0161eny od ostatn\u00edho obsahu str\u00e1nek a jsou pln\u011b v souladu se z\u00e1konem 40\/1995. Sb., o regulaci reklamy, v platn\u00e9m zn\u011bn\u00ed.<\/li>\n<li>Za jakoukoliv \u0161kodu vzniklou u\u017e\u00edv\u00e1n\u00edm projektu cyrkl.cz nenese provozovatel odpov\u011bdnost.<\/li>\n<li>Sou\u010d\u00e1st\u00ed projektu cyrkl.cz je i Online odpadov\u00fd r\u00e1dce. Poradna v \u017e\u00e1dn\u00e9m p\u0159\u00edpad\u011b nenahrazuje pr\u00e1vn\u00ed pomoc, \u010di stanovisko ve\u0159ejn\u00e9 spr\u00e1vy; slou\u017e\u00ed jako nez\u00e1vazn\u00fd zdroj informac\u00ed. Provozovatel t\u011bchto internetov\u00fdch str\u00e1nek upozor\u0148uje, \u017ee nenese \u017e\u00e1dnou odpov\u011bdnost ze \u0161kody u u\u017eivatele \u010di t\u0159et\u00edch osob vypl\u00fdvaj\u00edc\u00edch z pou\u017eit\u00ed Online odpadov\u00e9ho r\u00e1dce. Poradna slou\u017e\u00ed pro \u00fa\u010dely polo\u017een\u00ed ot\u00e1zek nap\u0159\u00edklad v oblastech: legislativa, vymezen\u00ed odpadu a druhotn\u00e9 suroviny aj.<\/li>\n<li>Dotazy zaslan\u00e9 do Online odpadov\u00e9ho r\u00e1dce slou\u017e\u00ed tak\u00e9 jako informa\u010dn\u00ed zdroj pro u\u017eivatele se stejn\u00fdmi dotazy. Z tohoto d\u016fvodu si Provozovatel vyhrazuje pr\u00e1vo zve\u0159ej\u0148ovat ve\u0161ker\u00e9 dotazy bez uveden\u00ed dotazovan\u00fdch ve zcela anonymn\u00ed podob\u011b.<\/li>\n<li>Dotazy a odpov\u011bdi expert\u016f jsou zobrazov\u00e1ny v\u017edy anonymn\u011b a Provozovatel dodr\u017euje z\u00e1sady ochrany osobn\u00edch \u00fadaj\u016f. Zodpov\u011bzeny jsou pouze dotazy u\u017eivatel\u016f, kte\u0159\u00ed ke zpracov\u00e1n\u00ed sv\u00fdch osobn\u00edch \u00fadaj\u016f ud\u011blili p\u0159i registraci souhlas. Se souhlasem a podm\u00ednkami ochrany osobn\u00edch \u00fadaj\u016f se m\u016f\u017eete sezn\u00e1mit ve v\u0161eobecn\u00fdch obchodn\u00edch podm\u00ednk\u00e1ch.<\/li>\n<li>Dotazy v poradn\u011b jsou zdarma a jsou zpracov\u00e1v\u00e1ny podle term\u00ednu p\u0159ijet\u00ed. P\u0159ednost p\u0159i zpracov\u00e1n\u00ed dotaz\u016f maj\u00ed nicm\u00e9n\u011b majitel\u00e9 pr\u00e9miov\u00fdch \u00fa\u010dt\u016f Cyrkl Profi. Pokud se tedy klient p\u0159ihl\u00e1s\u00ed s\u00a0dotazem a vz\u00e1p\u011bt\u00ed se p\u0159ihl\u00e1s\u00ed s\u00a0dotazem majitel pr\u00e9miov\u00e9ho \u00fa\u010dtu, bude up\u0159ednostn\u011bn on.<\/li>\n<li>Odpov\u011bdi na dotaz jsou sd\u011blov\u00e1ny pomoc\u00ed emailu. Z\u0159izovatel si klade pr\u00e1vo na danou ot\u00e1zku odpov\u011bd\u011bt.<\/li>\n<li>Na\u0161e webov\u00e9 str\u00e1nky umo\u017e\u0148uj\u00ed zobrazen\u00ed reklamy i t\u0159et\u00edm stran\u00e1m. Odesl\u00e1n\u00edm dotazu potvrzuje tazatel, \u017ee se sezn\u00e1mil s t\u011bmito pravidly, \u017ee jim porozum\u011bl a bude se jimi \u0159\u00eddit.<\/li>\n<li>V p\u0159\u00edpadech, je-li u\u017eivatel ve vztahu ke spole\u010dnosti CYRKL, Zdrojov\u00e1 platforma. spot\u0159ebitelem a vznikne spor, kter\u00fd se nepoda\u0159\u00ed vy\u0159e\u0161it vz\u00e1jemnou dohodou, m\u016f\u017ee takov\u00fd u\u017eivatel v postaven\u00ed spot\u0159ebitele podat n\u00e1vrh na mimosoudn\u00ed \u0159e\u0161en\u00ed spot\u0159ebitelsk\u00e9ho sporu \u010cesk\u00e9 obchodn\u00ed inspekci (\u00dast\u0159edn\u00ed inspektor\u00e1t \u2013 odd\u011blen\u00ed ADR, s\u00eddlem \u0160t\u011bp\u00e1nsk\u00e1 15, 120 00 Praha 2, e-mail: adr@coi.cz, web: adr.coi.cz). V t\u011bchto p\u0159\u00edpadech tak\u00e9 m\u016f\u017ee u\u017eivatel v postaven\u00ed spot\u0159ebitele vyu\u017e\u00edt platformu pro \u0159e\u0161en\u00ed spot\u0159ebitelsk\u00fdch spor\u016f online, kter\u00e1 je z\u0159\u00edzena Evropskou komis\u00ed a je dostupn\u00e1 na internetov\u00e9 adrese: http:\/\/ec.europa.eu\/consumers\/odr\/.<\/li>\n<li>Spole\u010dnost CYRKL, Zdrojov\u00e1 platforma, s.r.o. si vyhrazuje pr\u00e1vo na zm\u011bnu obsahu a p\u0159\u00edstupu k webov\u00fdm str\u00e1nk\u00e1m. K pl\u00e1novan\u00fdm z\u00e1sadn\u00edm zm\u011bn\u00e1m obsahu str\u00e1nek a ke zm\u011bn\u00e1m jejich u\u017e\u00edv\u00e1n\u00ed bude v\u017edy p\u0159ipojeno datum zm\u011bny.<\/li>\n<li>Tato pravidla jsou platn\u00e1 dnem jejich vyd\u00e1n\u00ed a \u00fa\u010dinn\u00e1 ode dne 12.1 2020. Provozovatel si vyhrazuje pr\u00e1vo zm\u011bny t\u011bchto pravidel.<\/li>\n<\/ol>\n<p>&nbsp;<\/p>\n<p>Posledn\u00ed aktualizace: 12.1. 2020<\/p>\n    <\/div>\n\n\n     [\/vc_column][\/vc_row][vc_row][vc_column width=&#8220;1\/2&#8243;]<style scoped>#back-to-home{background-color: #12a14b; color:#ffffff; }<\/style><div class=\"btn-wrapper inline  vc_custom_1618044757775\"><a href=\"http:\/\/paper.cyrkl.com\/\" title=\"Ebook Landing Page\"  class=\"btn  btn-md custom \" id=\"back-to-home\">Zp\u011bt na hlavn\u00ed str\u00e1nku<\/a><\/div>[\/vc_column][vc_column width=&#8220;1\/2&#8243;][\/vc_column][\/vc_row]<\/p>\n","protected":false},"excerpt":{"rendered":"<p>[vc_row el_id=&#8220;topics&#8220;][vc_column css=&#8220;.vc_custom_1617803246048{margin-top: 100px !important;}&#8220;][\/vc_column][\/vc_row][vc_row][vc_column][\/vc_column][\/vc_row][vc_row][vc_column width=&#8220;1\/2&#8243;][\/vc_column][vc_column width=&#8220;1\/2&#8243;][\/vc_column][\/vc_row]<\/p>\n","protected":false},"author":2,"featured_media":0,"parent":0,"menu_order":0,"comment_status":"closed","ping_status":"open","template":"","meta":{"inline_featured_image":false,"_monsterinsights_skip_tracking":false,"_monsterinsights_sitenote_active":false,"_monsterinsights_sitenote_note":"","_monsterinsights_sitenote_category":0},"aioseo_notices":[],"_links":{"self":[{"href":"https:\/\/paper.cyrkl.com\/index.php\/wp-json\/wp\/v2\/pages\/168"}],"collection":[{"href":"https:\/\/paper.cyrkl.com\/index.php\/wp-json\/wp\/v2\/pages"}],"about":[{"href":"https:\/\/paper.cyrkl.com\/index.php\/wp-json\/wp\/v2\/types\/page"}],"author":[{"embeddable":true,"href":"https:\/\/paper.cyrkl.com\/index.php\/wp-json\/wp\/v2\/users\/2"}],"replies":[{"embeddable":true,"href":"https:\/\/paper.cyrkl.com\/index.php\/wp-json\/wp\/v2\/comments?post=168"}],"version-history":[{"count":2,"href":"https:\/\/paper.cyrkl.com\/index.php\/wp-json\/wp\/v2\/pages\/168\/revisions"}],"predecessor-version":[{"id":170,"href":"https:\/\/paper.cyrkl.com\/index.php\/wp-json\/wp\/v2\/pages\/168\/revisions\/170"}],"wp:attachment":[{"href":"https:\/\/paper.cyrkl.com\/index.php\/wp-json\/wp\/v2\/media?parent=168"}],"curies":[{"name":"wp","href":"https:\/\/api.w.org\/{rel}","templated":true}]}}